{"id":2907,"date":"2017-12-02T01:37:46","date_gmt":"2017-12-02T01:37:46","guid":{"rendered":"https:\/\/erevmaxwebsolutions.com\/fantaziamarsaalam\/restaurants\/"},"modified":"2022-11-12T04:05:15","modified_gmt":"2022-11-12T04:05:15","slug":"restaurants","status":"publish","type":"page","link":"https:\/\/www.fantaziamarsaalam.com\/de\/restaurants\/","title":{"rendered":"Restaurants"},"content":{"rendered":"\t\t<div data-elementor-type=\"wp-post\" data-elementor-id=\"2907\" class=\"elementor elementor-2907 elementor-55\">\n\t\t\t\t\t\t<section class=\"elementor-section elementor-top-section elementor-element elementor-element-3a3a776 elementor-section-full_width elementor-section-height-min-height elementor-section-height-default elementor-section-items-middle\" data-id=\"3a3a776\" data-element_type=\"section\" data-settings=\"{&quot;background_background&quot;:&quot;classic&quot;}\">\n\t\t\t\t\t\t\t<div class=\"elementor-background-overlay\"><\/div>\n\t\t\t\t\t\t\t<div class=\"elementor-container elementor-column-gap-default\">\n\t\t\t\t\t<div class=\"elementor-column elementor-col-100 elementor-top-column elementor-element elementor-element-5b0dbb68\" data-id=\"5b0dbb68\" data-element_type=\"column\">\n\t\t\t<div class=\"elementor-widget-wrap elementor-element-populated\">\n\t\t\t\t\t\t<div class=\"elementor-element elementor-element-522aab72 elementor-widget elementor-widget-spacer\" data-id=\"522aab72\" data-element_type=\"widget\" data-widget_type=\"spacer.default\">\n\t\t\t\t<div class=\"elementor-widget-container\">\n\t\t\t\t\t\t\t<div class=\"elementor-spacer\">\n\t\t\t<div class=\"elementor-spacer-inner\"><\/div>\n\t\t<\/div>\n\t\t\t\t\t\t<\/div>\n\t\t\t\t<\/div>\n\t\t\t\t<div class=\"elementor-element elementor-element-5a3532ef elementor-view-default elementor-position-top elementor-invisible elementor-widget elementor-widget-themo-header\" data-id=\"5a3532ef\" data-element_type=\"widget\" data-settings=\"{&quot;_animation&quot;:&quot;fadeIn&quot;}\" data-widget_type=\"themo-header.default\">\n\t\t\t\t<div class=\"elementor-widget-container\">\n\t\t\t\t\t\t\t<div class=\"th-header-wrap\">\n        <div class=\"elementor-icon-box-wrapper \">\n                            <div class=\"elementor-icon-box-content\">\n                    <h1 class=\"elementor-icon-box-title\">\n                         UNSERE RESTAURANTS                    <\/h1>\n                                        <p class=\"elementor-icon-box-description\"><\/p>\n\n                                    <\/div>\n            <\/div>\n\n        <\/div>\n\n\t\t\t\t\t\t<\/div>\n\t\t\t\t<\/div>\n\t\t\t\t\t<\/div>\n\t\t<\/div>\n\t\t\t\t\t<\/div>\n\t\t<\/section>\n\t\t\t\t<section class=\"elementor-section elementor-top-section elementor-element elementor-element-4ac5458d elementor-section-full_width elementor-section-height-default elementor-section-height-default\" data-id=\"4ac5458d\" data-element_type=\"section\" data-settings=\"{&quot;background_background&quot;:&quot;classic&quot;}\">\n\t\t\t\t\t\t<div class=\"elementor-container elementor-column-gap-default\">\n\t\t\t\t\t<div class=\"elementor-column elementor-col-50 elementor-top-column elementor-element elementor-element-6e5e63d9\" data-id=\"6e5e63d9\" data-element_type=\"column\">\n\t\t\t<div class=\"elementor-widget-wrap elementor-element-populated\">\n\t\t\t\t\t\t<div class=\"elementor-element elementor-element-69b5ac1 elementor-widget elementor-widget-menu-anchor\" data-id=\"69b5ac1\" data-element_type=\"widget\" data-widget_type=\"menu-anchor.default\">\n\t\t\t\t<div class=\"elementor-widget-container\">\n\t\t\t\t\t\t\t<div class=\"elementor-menu-anchor\" id=\"Angebote\"><\/div>\n\t\t\t\t\t\t<\/div>\n\t\t\t\t<\/div>\n\t\t\t\t<div class=\"elementor-element elementor-element-f673043 elementor-view-default elementor-position-top elementor-widget elementor-widget-themo-header\" data-id=\"f673043\" data-element_type=\"widget\" data-widget_type=\"themo-header.default\">\n\t\t\t\t<div class=\"elementor-widget-container\">\n\t\t\t\t\t\t\t<div class=\"th-header-wrap\">\n        <div class=\"elementor-icon-box-wrapper th-show-icon\">\n                            <div class=\"elementor-icon-box-icon th-icon-size-sm\">\n                    <span class=\"elementor-icon \">\n                                            <\/span>\n                <\/div>\n                                <div class=\"elementor-icon-box-content\">\n                    <h2 class=\"elementor-icon-box-title\">\n                         Unsere All-Inclusive-Formel                    <\/h2>\n                                        <p class=\"elementor-icon-box-description\">Vielfalt ist die W\u00fcrze des Lebens und die vielen verschiedenen Restaurants (und Bars) des Fantazia Resort spiegeln dies wider. Ob orientalische K\u00fcche aus \u00c4gypten oder w\u00fcrziger Reichtum des Fernen Ostens \u2013 in den besten Restaurants von Marsa Alam finden Sie alles. Wir bereiten nur die frischesten Meeresfr\u00fcchte zu und lassen uns von der ganzen Welt inspirieren, beispielsweise aus S\u00fcditalien. Unsere Men\u00fcs und das Ambiente passen zu jeder Stimmung und jedem Geschmack.<\/p>\n\n                                    <\/div>\n            <\/div>\n\n        <\/div>\n\n\t\t\t\t\t\t<\/div>\n\t\t\t\t<\/div>\n\t\t\t\t<div class=\"elementor-element elementor-element-601809a8 elementor-widget elementor-widget-spacer\" data-id=\"601809a8\" data-element_type=\"widget\" data-widget_type=\"spacer.default\">\n\t\t\t\t<div class=\"elementor-widget-container\">\n\t\t\t\t\t\t\t<div class=\"elementor-spacer\">\n\t\t\t<div class=\"elementor-spacer-inner\"><\/div>\n\t\t<\/div>\n\t\t\t\t\t\t<\/div>\n\t\t\t\t<\/div>\n\t\t\t\t\t<\/div>\n\t\t<\/div>\n\t\t\t\t<div class=\"elementor-column elementor-col-50 elementor-top-column elementor-element elementor-element-82682c9\" data-id=\"82682c9\" data-element_type=\"column\">\n\t\t\t<div class=\"elementor-widget-wrap elementor-element-populated\">\n\t\t\t\t\t\t<div class=\"elementor-element elementor-element-0bf0e59 elementor-widget elementor-widget-menu-anchor\" data-id=\"0bf0e59\" data-element_type=\"widget\" data-widget_type=\"menu-anchor.default\">\n\t\t\t\t<div class=\"elementor-widget-container\">\n\t\t\t\t\t\t\t<div class=\"elementor-menu-anchor\" id=\"Angebote\"><\/div>\n\t\t\t\t\t\t<\/div>\n\t\t\t\t<\/div>\n\t\t\t\t<div class=\"elementor-element elementor-element-7c7c62d9 elementor-view-default elementor-position-top elementor-widget elementor-widget-themo-header\" data-id=\"7c7c62d9\" data-element_type=\"widget\" data-widget_type=\"themo-header.default\">\n\t\t\t\t<div class=\"elementor-widget-container\">\n\t\t\t\t\t\t\t<div class=\"th-header-wrap\">\n        <div class=\"elementor-icon-box-wrapper th-show-icon\">\n                            <div class=\"elementor-icon-box-icon th-icon-size-sm\">\n                    <span class=\"elementor-icon \">\n                                            <\/span>\n                <\/div>\n                                <div class=\"elementor-icon-box-content\">\n                    <h2 class=\"elementor-icon-box-title\">\n                        Ern\u00e4hrungsinformationen                    <\/h2>\n                                        <p class=\"elementor-icon-box-description\">Bitte lassen Sie uns wissen, wenn Sie Allergien haben, und unsere K\u00f6che k\u00f6nnen ein Gericht zubereiten, das f\u00fcr Sie geeignet ist.<\/p>\n\n                                    <\/div>\n            <\/div>\n\n        <\/div>\n\n\t\t\t\t\t\t<\/div>\n\t\t\t\t<\/div>\n\t\t\t\t\t<\/div>\n\t\t<\/div>\n\t\t\t\t\t<\/div>\n\t\t<\/section>\n\t\t\t\t<section class=\"elementor-section elementor-top-section elementor-element elementor-element-8a55724 elementor-section-full_width elementor-section-height-default elementor-section-height-default\" data-id=\"8a55724\" data-element_type=\"section\">\n\t\t\t\t\t\t<div class=\"elementor-container elementor-column-gap-default\">\n\t\t\t\t\t<div class=\"elementor-column elementor-col-50 elementor-top-column elementor-element elementor-element-0c69fbe\" data-id=\"0c69fbe\" data-element_type=\"column\" data-settings=\"{&quot;background_background&quot;:&quot;classic&quot;}\">\n\t\t\t<div class=\"elementor-widget-wrap elementor-element-populated\">\n\t\t\t\t\t\t<div class=\"elementor-element elementor-element-95f04ce elementor-position-left elementor-view-default elementor-widget elementor-widget-themo-header\" data-id=\"95f04ce\" data-element_type=\"widget\" data-widget_type=\"themo-header.default\">\n\t\t\t\t<div class=\"elementor-widget-container\">\n\t\t\t\t\t\t\t<div class=\"th-header-wrap\">\n        <div class=\"elementor-icon-box-wrapper \">\n                            <div class=\"elementor-icon-box-content\">\n                    <h3 class=\"elementor-icon-box-title\">\n                        Fantazia Hauptrestaurant                    <\/h3>\n                                        <p class=\"elementor-icon-box-description\">Unser Hauptrestaurant ist zum Fr\u00fchst\u00fcck, Mittag- und Abendessen ge\u00f6ffnet. Die hier angebotene Speisekarte wechselt t\u00e4glich und ist auf jeden Geschmack abgestimmt. Dieses Restaurant organisiert auch Themenabende und Show-Cooking mit gegrilltem Fleisch, Fisch und H\u00e4hnchen auf Holzkohle, frisch zubereiteter Pasta sowie einer Auswahl an internationalen Salaten, Desserts, Obst und Brot. Hier finden Sie auch eine gro\u00dfe Auswahl an Erfrischungsgetr\u00e4nken, Wein, Bier, Kaffee, Tee und anderen Hei\u00dfgetr\u00e4nken. Bleiben Sie drinnen oder genie\u00dfen Sie unsere Au\u00dfenterrasse mit Blick auf den Pool und den Garten.<\/p>\n\n                                            <div class=\"th-btn-wrap\">\n                                                            <a class=\"btn-1 btn th-btn btn-cta-primary\" href=\"#more1\">\n                                                                            Weiterlesen                                                                    <\/a>\n                            \n                                                    <\/div>\n                                    <\/div>\n            <\/div>\n\n        <\/div>\n\n\t\t\t\t\t\t<\/div>\n\t\t\t\t<\/div>\n\t\t\t\t\t<\/div>\n\t\t<\/div>\n\t\t\t\t<div class=\"elementor-column elementor-col-50 elementor-top-column elementor-element elementor-element-63337a6\" data-id=\"63337a6\" data-element_type=\"column\" data-settings=\"{&quot;background_background&quot;:&quot;classic&quot;}\">\n\t\t\t<div class=\"elementor-widget-wrap elementor-element-populated\">\n\t\t\t\t\t\t<div class=\"elementor-element elementor-element-14656d3 elementor-widget elementor-widget-spacer\" data-id=\"14656d3\" data-element_type=\"widget\" data-widget_type=\"spacer.default\">\n\t\t\t\t<div class=\"elementor-widget-container\">\n\t\t\t\t\t\t\t<div class=\"elementor-spacer\">\n\t\t\t<div class=\"elementor-spacer-inner\"><\/div>\n\t\t<\/div>\n\t\t\t\t\t\t<\/div>\n\t\t\t\t<\/div>\n\t\t\t\t\t<\/div>\n\t\t<\/div>\n\t\t\t\t\t<\/div>\n\t\t<\/section>\n\t\t\t\t<section class=\"elementor-section elementor-top-section elementor-element elementor-element-b7c9245 elementor-section-full_width elementor-reverse-mobile elementor-section-height-default elementor-section-height-default\" data-id=\"b7c9245\" data-element_type=\"section\">\n\t\t\t\t\t\t<div class=\"elementor-container elementor-column-gap-default\">\n\t\t\t\t\t<div class=\"elementor-column elementor-col-50 elementor-top-column elementor-element elementor-element-a4ae177\" data-id=\"a4ae177\" data-element_type=\"column\" data-settings=\"{&quot;background_background&quot;:&quot;classic&quot;}\">\n\t\t\t<div class=\"elementor-widget-wrap elementor-element-populated\">\n\t\t\t\t\t\t<div class=\"elementor-element elementor-element-bf99f23 elementor-widget elementor-widget-menu-anchor\" data-id=\"bf99f23\" data-element_type=\"widget\" data-widget_type=\"menu-anchor.default\">\n\t\t\t\t<div class=\"elementor-widget-container\">\n\t\t\t\t\t\t\t<div class=\"elementor-menu-anchor\" id=\"mehr1\"><\/div>\n\t\t\t\t\t\t<\/div>\n\t\t\t\t<\/div>\n\t\t\t\t<div class=\"elementor-element elementor-element-d8d524d elementor-widget elementor-widget-spacer\" data-id=\"d8d524d\" data-element_type=\"widget\" data-widget_type=\"spacer.default\">\n\t\t\t\t<div class=\"elementor-widget-container\">\n\t\t\t\t\t\t\t<div class=\"elementor-spacer\">\n\t\t\t<div class=\"elementor-spacer-inner\"><\/div>\n\t\t<\/div>\n\t\t\t\t\t\t<\/div>\n\t\t\t\t<\/div>\n\t\t\t\t\t<\/div>\n\t\t<\/div>\n\t\t\t\t<div class=\"elementor-column elementor-col-50 elementor-top-column elementor-element elementor-element-404ecf9\" data-id=\"404ecf9\" data-element_type=\"column\" data-settings=\"{&quot;background_background&quot;:&quot;classic&quot;}\">\n\t\t\t<div class=\"elementor-widget-wrap elementor-element-populated\">\n\t\t\t\t\t\t<div class=\"elementor-element elementor-element-fbf3d60 elementor-position-left elementor-view-default elementor-widget elementor-widget-themo-header\" data-id=\"fbf3d60\" data-element_type=\"widget\" data-widget_type=\"themo-header.default\">\n\t\t\t\t<div class=\"elementor-widget-container\">\n\t\t\t\t\t\t\t<div class=\"th-header-wrap\">\n        <div class=\"elementor-icon-box-wrapper \">\n                            <div class=\"elementor-icon-box-content\">\n                    <h3 class=\"elementor-icon-box-title\">\n                        Valentin Restaurant                    <\/h3>\n                                        <p class=\"elementor-icon-box-description\">Das Restaurant Valentina ist nur zum Abendessen ge\u00f6ffnet. Es befindet sich im dritten Stock des Hotels und bietet einen Blick auf unseren Garten, den Swimmingpool sowie das Meer. Leise spielende internationale Musik wird Ihre Ohren verf\u00fchren, w\u00e4hrend Sie hier speisen. Wir bieten Ihnen Speisen \u00e0 la carte und als Special k\u00f6nnen Sie ein romantisches Moonlight-Dinner auf unserer Terrasse buchen. Die Auswahl des Valentina Restaurants wird jeden Gaumen erfreuen und Ihre Ern\u00e4hrungsbed\u00fcrfnisse befriedigen.<\/p>\n\n                                            <div class=\"th-btn-wrap\">\n                                                            <a class=\"btn-1 btn th-btn btn-cta-primary\" href=\"#more2\">\n                                                                            Weiterlesen                                                                    <\/a>\n                            \n                                                    <\/div>\n                                    <\/div>\n            <\/div>\n\n        <\/div>\n\n\t\t\t\t\t\t<\/div>\n\t\t\t\t<\/div>\n\t\t\t\t\t<\/div>\n\t\t<\/div>\n\t\t\t\t\t<\/div>\n\t\t<\/section>\n\t\t\t\t<\/div>\n\t\t","protected":false},"excerpt":{"rendered":"<p>UNSERE RESTAURANTS Unsere All-Inclusive-Formel Vielfalt ist die W\u00fcrze des Lebens und die vielen verschiedenen Restaurants (und Bars) des Fantazia Resort spiegeln dies wider. Ob orientalische K\u00fcche aus \u00c4gypten oder w\u00fcrziger Reichtum des Fernen Ostens \u2013 in den besten Restaurants von &hellip; <a href=\"https:\/\/www.fantaziamarsaalam.com\/de\/restaurants\/\">Read More<\/a><\/p>\n","protected":false},"author":1,"featured_media":0,"parent":0,"menu_order":38,"comment_status":"closed","ping_status":"closed","template":"","meta":{"footnotes":""},"class_list":["post-2907","page","type-page","status-publish","hentry"],"aioseo_notices":[],"jetpack_sharing_enabled":true,"_links":{"self":[{"href":"https:\/\/www.fantaziamarsaalam.com\/de\/wp-json\/wp\/v2\/pages\/2907","targetHints":{"allow":["GET"]}}],"collection":[{"href":"https:\/\/www.fantaziamarsaalam.com\/de\/wp-json\/wp\/v2\/pages"}],"about":[{"href":"https:\/\/www.fantaziamarsaalam.com\/de\/wp-json\/wp\/v2\/types\/page"}],"author":[{"embeddable":true,"href":"https:\/\/www.fantaziamarsaalam.com\/de\/wp-json\/wp\/v2\/users\/1"}],"replies":[{"embeddable":true,"href":"https:\/\/www.fantaziamarsaalam.com\/de\/wp-json\/wp\/v2\/comments?post=2907"}],"version-history":[{"count":0,"href":"https:\/\/www.fantaziamarsaalam.com\/de\/wp-json\/wp\/v2\/pages\/2907\/revisions"}],"wp:attachment":[{"href":"https:\/\/www.fantaziamarsaalam.com\/de\/wp-json\/wp\/v2\/media?parent=2907"}],"curies":[{"name":"wp","href":"https:\/\/api.w.org\/{rel}","templated":true}]}}