{"id":2982,"date":"2017-12-02T01:37:46","date_gmt":"2017-12-02T01:37:46","guid":{"rendered":"https:\/\/erevmaxwebsolutions.com\/fantaziamarsaalam\/restaurace\/"},"modified":"2022-11-12T04:05:15","modified_gmt":"2022-11-12T04:05:15","slug":"restaurace","status":"publish","type":"page","link":"https:\/\/www.fantaziamarsaalam.com\/cs\/restaurace\/","title":{"rendered":"Restaurace"},"content":{"rendered":"\t\t<div data-elementor-type=\"wp-post\" data-elementor-id=\"2982\" class=\"elementor elementor-2982 elementor-55\">\n\t\t\t\t\t\t<section class=\"elementor-section elementor-top-section elementor-element elementor-element-3a3a776 elementor-section-full_width elementor-section-height-min-height elementor-section-height-default elementor-section-items-middle\" data-id=\"3a3a776\" data-element_type=\"section\" data-settings=\"{&quot;background_background&quot;:&quot;classic&quot;}\">\n\t\t\t\t\t\t\t<div class=\"elementor-background-overlay\"><\/div>\n\t\t\t\t\t\t\t<div class=\"elementor-container elementor-column-gap-default\">\n\t\t\t\t\t<div class=\"elementor-column elementor-col-100 elementor-top-column elementor-element elementor-element-5b0dbb68\" data-id=\"5b0dbb68\" data-element_type=\"column\">\n\t\t\t<div class=\"elementor-widget-wrap elementor-element-populated\">\n\t\t\t\t\t\t<div class=\"elementor-element elementor-element-522aab72 elementor-widget elementor-widget-spacer\" data-id=\"522aab72\" data-element_type=\"widget\" data-widget_type=\"spacer.default\">\n\t\t\t\t<div class=\"elementor-widget-container\">\n\t\t\t\t\t\t\t<div class=\"elementor-spacer\">\n\t\t\t<div class=\"elementor-spacer-inner\"><\/div>\n\t\t<\/div>\n\t\t\t\t\t\t<\/div>\n\t\t\t\t<\/div>\n\t\t\t\t<div class=\"elementor-element elementor-element-5a3532ef elementor-view-default elementor-position-top elementor-invisible elementor-widget elementor-widget-themo-header\" data-id=\"5a3532ef\" data-element_type=\"widget\" data-settings=\"{&quot;_animation&quot;:&quot;fadeIn&quot;}\" data-widget_type=\"themo-header.default\">\n\t\t\t\t<div class=\"elementor-widget-container\">\n\t\t\t\t\t\t\t<div class=\"th-header-wrap\">\n        <div class=\"elementor-icon-box-wrapper \">\n                            <div class=\"elementor-icon-box-content\">\n                    <h1 class=\"elementor-icon-box-title\">\n                         NA\u0160E RESTAURACE                    <\/h1>\n                                        <p class=\"elementor-icon-box-description\"><\/p>\n\n                                    <\/div>\n            <\/div>\n\n        <\/div>\n\n\t\t\t\t\t\t<\/div>\n\t\t\t\t<\/div>\n\t\t\t\t\t<\/div>\n\t\t<\/div>\n\t\t\t\t\t<\/div>\n\t\t<\/section>\n\t\t\t\t<section class=\"elementor-section elementor-top-section elementor-element elementor-element-4ac5458d elementor-section-full_width elementor-section-height-default elementor-section-height-default\" data-id=\"4ac5458d\" data-element_type=\"section\" data-settings=\"{&quot;background_background&quot;:&quot;classic&quot;}\">\n\t\t\t\t\t\t<div class=\"elementor-container elementor-column-gap-default\">\n\t\t\t\t\t<div class=\"elementor-column elementor-col-50 elementor-top-column elementor-element elementor-element-6e5e63d9\" data-id=\"6e5e63d9\" data-element_type=\"column\">\n\t\t\t<div class=\"elementor-widget-wrap elementor-element-populated\">\n\t\t\t\t\t\t<div class=\"elementor-element elementor-element-69b5ac1 elementor-widget elementor-widget-menu-anchor\" data-id=\"69b5ac1\" data-element_type=\"widget\" data-widget_type=\"menu-anchor.default\">\n\t\t\t\t<div class=\"elementor-widget-container\">\n\t\t\t\t\t\t\t<div class=\"elementor-menu-anchor\" id=\"nabdky\"><\/div>\n\t\t\t\t\t\t<\/div>\n\t\t\t\t<\/div>\n\t\t\t\t<div class=\"elementor-element elementor-element-f673043 elementor-view-default elementor-position-top elementor-widget elementor-widget-themo-header\" data-id=\"f673043\" data-element_type=\"widget\" data-widget_type=\"themo-header.default\">\n\t\t\t\t<div class=\"elementor-widget-container\">\n\t\t\t\t\t\t\t<div class=\"th-header-wrap\">\n        <div class=\"elementor-icon-box-wrapper th-show-icon\">\n                            <div class=\"elementor-icon-box-icon th-icon-size-sm\">\n                    <span class=\"elementor-icon \">\n                                            <\/span>\n                <\/div>\n                                <div class=\"elementor-icon-box-content\">\n                    <h2 class=\"elementor-icon-box-title\">\n                         N\u00e1\u0161 all-inclusive vzorec                    <\/h2>\n                                        <p class=\"elementor-icon-box-description\">Rozmanitost je ko\u0159en\u00edm \u017eivota a mnoho r\u016fzn\u00fdch restaurac\u00ed (a bar\u016f) Fantazia Resort to odr\u00e1\u017e\u00ed. A\u0165 u\u017e m\u00e1te r\u00e1di orient\u00e1ln\u00ed kuchyni z Egypta nebo pikantn\u00ed bohatstv\u00ed D\u00e1ln\u00e9ho v\u00fdchodu \u2013 v nejlep\u0161\u00edch restaurac\u00edch Marsa Alam to v\u0161e najdete. P\u0159ipravujeme jen ty nej\u010derstv\u011bj\u0161\u00ed mo\u0159sk\u00e9 plody a inspirujeme se z cel\u00e9ho sv\u011bta, nap\u0159\u00edklad z jihu It\u00e1lie. Na\u0161e menu a prost\u0159ed\u00ed vyhov\u00ed ka\u017ed\u00e9 n\u00e1lad\u011b a chuti.<\/p>\n\n                                    <\/div>\n            <\/div>\n\n        <\/div>\n\n\t\t\t\t\t\t<\/div>\n\t\t\t\t<\/div>\n\t\t\t\t<div class=\"elementor-element elementor-element-601809a8 elementor-widget elementor-widget-spacer\" data-id=\"601809a8\" data-element_type=\"widget\" data-widget_type=\"spacer.default\">\n\t\t\t\t<div class=\"elementor-widget-container\">\n\t\t\t\t\t\t\t<div class=\"elementor-spacer\">\n\t\t\t<div class=\"elementor-spacer-inner\"><\/div>\n\t\t<\/div>\n\t\t\t\t\t\t<\/div>\n\t\t\t\t<\/div>\n\t\t\t\t\t<\/div>\n\t\t<\/div>\n\t\t\t\t<div class=\"elementor-column elementor-col-50 elementor-top-column elementor-element elementor-element-82682c9\" data-id=\"82682c9\" data-element_type=\"column\">\n\t\t\t<div class=\"elementor-widget-wrap elementor-element-populated\">\n\t\t\t\t\t\t<div class=\"elementor-element elementor-element-0bf0e59 elementor-widget elementor-widget-menu-anchor\" data-id=\"0bf0e59\" data-element_type=\"widget\" data-widget_type=\"menu-anchor.default\">\n\t\t\t\t<div class=\"elementor-widget-container\">\n\t\t\t\t\t\t\t<div class=\"elementor-menu-anchor\" id=\"nabdky\"><\/div>\n\t\t\t\t\t\t<\/div>\n\t\t\t\t<\/div>\n\t\t\t\t<div class=\"elementor-element elementor-element-7c7c62d9 elementor-view-default elementor-position-top elementor-widget elementor-widget-themo-header\" data-id=\"7c7c62d9\" data-element_type=\"widget\" data-widget_type=\"themo-header.default\">\n\t\t\t\t<div class=\"elementor-widget-container\">\n\t\t\t\t\t\t\t<div class=\"th-header-wrap\">\n        <div class=\"elementor-icon-box-wrapper th-show-icon\">\n                            <div class=\"elementor-icon-box-icon th-icon-size-sm\">\n                    <span class=\"elementor-icon \">\n                                            <\/span>\n                <\/div>\n                                <div class=\"elementor-icon-box-content\">\n                    <h2 class=\"elementor-icon-box-title\">\n                        Dietn\u00ed informace                    <\/h2>\n                                        <p class=\"elementor-icon-box-description\">Pokud m\u00e1te n\u011bjak\u00e9 alergie, dejte n\u00e1m pros\u00edm v\u011bd\u011bt a na\u0161i kucha\u0159i v\u00e1m p\u0159iprav\u00ed j\u00eddlo, kter\u00e9 je pro v\u00e1s to prav\u00e9.<\/p>\n\n                                    <\/div>\n            <\/div>\n\n        <\/div>\n\n\t\t\t\t\t\t<\/div>\n\t\t\t\t<\/div>\n\t\t\t\t\t<\/div>\n\t\t<\/div>\n\t\t\t\t\t<\/div>\n\t\t<\/section>\n\t\t\t\t<section class=\"elementor-section elementor-top-section elementor-element elementor-element-8a55724 elementor-section-full_width elementor-section-height-default elementor-section-height-default\" data-id=\"8a55724\" data-element_type=\"section\">\n\t\t\t\t\t\t<div class=\"elementor-container elementor-column-gap-default\">\n\t\t\t\t\t<div class=\"elementor-column elementor-col-50 elementor-top-column elementor-element elementor-element-0c69fbe\" data-id=\"0c69fbe\" data-element_type=\"column\" data-settings=\"{&quot;background_background&quot;:&quot;classic&quot;}\">\n\t\t\t<div class=\"elementor-widget-wrap elementor-element-populated\">\n\t\t\t\t\t\t<div class=\"elementor-element elementor-element-95f04ce elementor-position-left elementor-view-default elementor-widget elementor-widget-themo-header\" data-id=\"95f04ce\" data-element_type=\"widget\" data-widget_type=\"themo-header.default\">\n\t\t\t\t<div class=\"elementor-widget-container\">\n\t\t\t\t\t\t\t<div class=\"th-header-wrap\">\n        <div class=\"elementor-icon-box-wrapper \">\n                            <div class=\"elementor-icon-box-content\">\n                    <h3 class=\"elementor-icon-box-title\">\n                        Hlavn\u00ed restaurace Fantazia                    <\/h3>\n                                        <p class=\"elementor-icon-box-description\">Na\u0161e hlavn\u00ed restaurace je otev\u0159ena na sn\u00eddan\u011b, ob\u011bdy a ve\u010de\u0159e. Zde nab\u00edzen\u00e9 menu se denn\u011b m\u011bn\u00ed a je navr\u017eeno tak, aby vyhovovalo ka\u017ed\u00e9mu vkusu. Tato restaurace tak\u00e9 po\u0159\u00e1d\u00e1 tematick\u00e9 ve\u010dery a show-cooking s grilovan\u00fdm masem, rybami a ku\u0159ec\u00edm masem na d\u0159ev\u011bn\u00e9m uhl\u00ed, \u010derstv\u011b p\u0159ipraven\u00fdmi t\u011bstovinami a tak\u00e9 v\u00fdb\u011brem mezin\u00e1rodn\u00edch sal\u00e1t\u016f, dezert\u016f, ovoce a chleba. Najdete zde tak\u00e9 velk\u00fd v\u00fdb\u011br nealko n\u00e1poj\u016f, v\u00edna, piva, k\u00e1vy, \u010daje a dal\u0161\u00edch tepl\u00fdch n\u00e1poj\u016f. Vyberte si pobyt uvnit\u0159 nebo si u\u017eijte na\u0161i venkovn\u00ed terasu s v\u00fdhledem na baz\u00e9n a zahradu.<\/p>\n\n                                            <div class=\"th-btn-wrap\">\n                                                            <a class=\"btn-1 btn th-btn btn-cta-primary\" href=\"#more1\">\n                                                                            P\u0159e\u010dt\u011bte si v\u00edce                                                                    <\/a>\n                            \n                                                    <\/div>\n                                    <\/div>\n            <\/div>\n\n        <\/div>\n\n\t\t\t\t\t\t<\/div>\n\t\t\t\t<\/div>\n\t\t\t\t\t<\/div>\n\t\t<\/div>\n\t\t\t\t<div class=\"elementor-column elementor-col-50 elementor-top-column elementor-element elementor-element-63337a6\" data-id=\"63337a6\" data-element_type=\"column\" data-settings=\"{&quot;background_background&quot;:&quot;classic&quot;}\">\n\t\t\t<div class=\"elementor-widget-wrap elementor-element-populated\">\n\t\t\t\t\t\t<div class=\"elementor-element elementor-element-14656d3 elementor-widget elementor-widget-spacer\" data-id=\"14656d3\" data-element_type=\"widget\" data-widget_type=\"spacer.default\">\n\t\t\t\t<div class=\"elementor-widget-container\">\n\t\t\t\t\t\t\t<div class=\"elementor-spacer\">\n\t\t\t<div class=\"elementor-spacer-inner\"><\/div>\n\t\t<\/div>\n\t\t\t\t\t\t<\/div>\n\t\t\t\t<\/div>\n\t\t\t\t\t<\/div>\n\t\t<\/div>\n\t\t\t\t\t<\/div>\n\t\t<\/section>\n\t\t\t\t<section class=\"elementor-section elementor-top-section elementor-element elementor-element-b7c9245 elementor-section-full_width elementor-reverse-mobile elementor-section-height-default elementor-section-height-default\" data-id=\"b7c9245\" data-element_type=\"section\">\n\t\t\t\t\t\t<div class=\"elementor-container elementor-column-gap-default\">\n\t\t\t\t\t<div class=\"elementor-column elementor-col-50 elementor-top-column elementor-element elementor-element-a4ae177\" data-id=\"a4ae177\" data-element_type=\"column\" data-settings=\"{&quot;background_background&quot;:&quot;classic&quot;}\">\n\t\t\t<div class=\"elementor-widget-wrap elementor-element-populated\">\n\t\t\t\t\t\t<div class=\"elementor-element elementor-element-bf99f23 elementor-widget elementor-widget-menu-anchor\" data-id=\"bf99f23\" data-element_type=\"widget\" data-widget_type=\"menu-anchor.default\">\n\t\t\t\t<div class=\"elementor-widget-container\">\n\t\t\t\t\t\t\t<div class=\"elementor-menu-anchor\" id=\"vce1\"><\/div>\n\t\t\t\t\t\t<\/div>\n\t\t\t\t<\/div>\n\t\t\t\t<div class=\"elementor-element elementor-element-d8d524d elementor-widget elementor-widget-spacer\" data-id=\"d8d524d\" data-element_type=\"widget\" data-widget_type=\"spacer.default\">\n\t\t\t\t<div class=\"elementor-widget-container\">\n\t\t\t\t\t\t\t<div class=\"elementor-spacer\">\n\t\t\t<div class=\"elementor-spacer-inner\"><\/div>\n\t\t<\/div>\n\t\t\t\t\t\t<\/div>\n\t\t\t\t<\/div>\n\t\t\t\t\t<\/div>\n\t\t<\/div>\n\t\t\t\t<div class=\"elementor-column elementor-col-50 elementor-top-column elementor-element elementor-element-404ecf9\" data-id=\"404ecf9\" data-element_type=\"column\" data-settings=\"{&quot;background_background&quot;:&quot;classic&quot;}\">\n\t\t\t<div class=\"elementor-widget-wrap elementor-element-populated\">\n\t\t\t\t\t\t<div class=\"elementor-element elementor-element-fbf3d60 elementor-position-left elementor-view-default elementor-widget elementor-widget-themo-header\" data-id=\"fbf3d60\" data-element_type=\"widget\" data-widget_type=\"themo-header.default\">\n\t\t\t\t<div class=\"elementor-widget-container\">\n\t\t\t\t\t\t\t<div class=\"th-header-wrap\">\n        <div class=\"elementor-icon-box-wrapper \">\n                            <div class=\"elementor-icon-box-content\">\n                    <h3 class=\"elementor-icon-box-title\">\n                        Restaurace Valentina                    <\/h3>\n                                        <p class=\"elementor-icon-box-description\">Restaurace Valentina je otev\u0159ena pouze na ve\u010de\u0159i. Nach\u00e1z\u00ed se ve t\u0159et\u00edm pat\u0159e hotelu a m\u00e1 v\u00fdhled na na\u0161i zahradu, baz\u00e9n i mo\u0159e. P\u0159i stolov\u00e1n\u00ed zde bude va\u0161e u\u0161i l\u00e1kat ti\u0161e hraj\u00edc\u00ed mezin\u00e1rodn\u00ed hudba. Nab\u00edz\u00edme v\u00e1m j\u00eddla \u00e0 la carte a jako specialitu si m\u016f\u017eete zarezervovat romantickou ve\u010de\u0159i p\u0159i m\u011bs\u00ed\u010dn\u00edm sv\u011btle na na\u0161\u00ed terase. V\u00fdb\u011br restaurace Valentina pot\u011b\u0161\u00ed ka\u017ed\u00e9ho mlsa a uspokoj\u00ed va\u0161e dietn\u00ed pot\u0159eby.<\/p>\n\n                                            <div class=\"th-btn-wrap\">\n                                                            <a class=\"btn-1 btn th-btn btn-cta-primary\" href=\"#more2\">\n                                                                            P\u0159e\u010dt\u011bte si v\u00edce                                                                    <\/a>\n                            \n                                                    <\/div>\n                                    <\/div>\n            <\/div>\n\n        <\/div>\n\n\t\t\t\t\t\t<\/div>\n\t\t\t\t<\/div>\n\t\t\t\t\t<\/div>\n\t\t<\/div>\n\t\t\t\t\t<\/div>\n\t\t<\/section>\n\t\t\t\t<\/div>\n\t\t","protected":false},"excerpt":{"rendered":"<p>NA\u0160E RESTAURACE N\u00e1\u0161 all-inclusive vzorec Rozmanitost je ko\u0159en\u00edm \u017eivota a mnoho r\u016fzn\u00fdch restaurac\u00ed (a bar\u016f) Fantazia Resort to odr\u00e1\u017e\u00ed. A\u0165 u\u017e m\u00e1te r\u00e1di orient\u00e1ln\u00ed kuchyni z Egypta nebo pikantn\u00ed bohatstv\u00ed D\u00e1ln\u00e9ho v\u00fdchodu \u2013 v nejlep\u0161\u00edch restaurac\u00edch Marsa Alam to v\u0161e &hellip; <a href=\"https:\/\/www.fantaziamarsaalam.com\/cs\/restaurace\/\">Read More<\/a><\/p>\n","protected":false},"author":1,"featured_media":0,"parent":0,"menu_order":38,"comment_status":"closed","ping_status":"closed","template":"","meta":{"footnotes":""},"class_list":["post-2982","page","type-page","status-publish","hentry"],"aioseo_notices":[],"jetpack_sharing_enabled":true,"_links":{"self":[{"href":"https:\/\/www.fantaziamarsaalam.com\/cs\/wp-json\/wp\/v2\/pages\/2982","targetHints":{"allow":["GET"]}}],"collection":[{"href":"https:\/\/www.fantaziamarsaalam.com\/cs\/wp-json\/wp\/v2\/pages"}],"about":[{"href":"https:\/\/www.fantaziamarsaalam.com\/cs\/wp-json\/wp\/v2\/types\/page"}],"author":[{"embeddable":true,"href":"https:\/\/www.fantaziamarsaalam.com\/cs\/wp-json\/wp\/v2\/users\/1"}],"replies":[{"embeddable":true,"href":"https:\/\/www.fantaziamarsaalam.com\/cs\/wp-json\/wp\/v2\/comments?post=2982"}],"version-history":[{"count":0,"href":"https:\/\/www.fantaziamarsaalam.com\/cs\/wp-json\/wp\/v2\/pages\/2982\/revisions"}],"wp:attachment":[{"href":"https:\/\/www.fantaziamarsaalam.com\/cs\/wp-json\/wp\/v2\/media?parent=2982"}],"curies":[{"name":"wp","href":"https:\/\/api.w.org\/{rel}","templated":true}]}}